{"id":1323,"date":"2023-09-15T05:02:30","date_gmt":"2023-09-15T05:02:30","guid":{"rendered":"https:\/\/tecnifueinternational.com\/contactez-nous\/"},"modified":"2025-12-17T05:36:24","modified_gmt":"2025-12-17T05:36:24","slug":"contactez-nous","status":"publish","type":"page","link":"https:\/\/tecnifueinternational.com\/fr\/contactez-nous\/","title":{"rendered":"Contactez-nous"},"content":{"rendered":"\t\t<div data-elementor-type=\"wp-page\" data-elementor-id=\"1323\" class=\"elementor elementor-1323 elementor-84\">\n\t\t\t\t\t\t<section class=\"elementor-section elementor-top-section elementor-element elementor-element-1802f7c pbmit-col-stretched-none pbmit-bg-color-over-image elementor-section-boxed elementor-section-height-default elementor-section-height-default\" data-id=\"1802f7c\" data-element_type=\"section\">\n\t\t\t\t\t\t<div class=\"elementor-container elementor-column-gap-no\">\n\t\t\t\t\t<div class=\"elementor-column elementor-col-50 elementor-top-column elementor-element elementor-element-1eba197 pbmit-bg-color-over-image\" data-id=\"1eba197\" data-element_type=\"column\">\n\t\t\t<div class=\"elementor-widget-wrap elementor-element-populated\">\n\t\t\t\t\t\t<div class=\"elementor-element elementor-element-9790612 elementor-widget elementor-widget-pbmit_icon_heading\" data-id=\"9790612\" data-element_type=\"widget\" data-widget_type=\"pbmit_icon_heading.default\">\n\t\t\t\t<div class=\"elementor-widget-container\">\n\t\t\t\t\t<div class=\"pbmit-ihbox pbmit-ihbox-style-9\"><div class=\"pbmit-ihbox-headingicon d-sm-flex align-items-center\">\r\n\r\n\t<div class=\"pbmit-ihbox-icon\"><div class=\"pbmit-ihbox-icon-wrapper\"><div class=\"pbmit-icon-wrapper pbmit-icon-type-icon\"><i class=\"pbmit-yoge-icon pbmit-yoge-icon-phone-call\"><\/i><\/div><\/div><\/div>\t<div class=\"pbmit-ihbox-contents\">\r\n\t\t\t\t<h2 class=\"pbmit-element-title\">24h\/24 et 7j\/7 Contactez-nous<\/h2>\t\t\t\t<div class=\"pbmit-heading-desc\">T\u00e9l\u00e9phone : +90 534 954 25 81\n<br><\/div>\t\t\t<\/div>\r\n<\/div><\/div>\t\t\t\t<\/div>\n\t\t\t\t<\/div>\n\t\t\t\t\t<\/div>\n\t\t<\/div>\n\t\t\t\t<div class=\"elementor-column elementor-col-50 elementor-top-column elementor-element elementor-element-2a33776 pbmit-bg-color-over-image\" data-id=\"2a33776\" data-element_type=\"column\">\n\t\t\t<div class=\"elementor-widget-wrap elementor-element-populated\">\n\t\t\t\t\t\t<div class=\"elementor-element elementor-element-487bdf5 elementor-widget-tablet_extra__width-initial elementor-widget elementor-widget-pbmit_icon_heading\" data-id=\"487bdf5\" data-element_type=\"widget\" data-widget_type=\"pbmit_icon_heading.default\">\n\t\t\t\t<div class=\"elementor-widget-container\">\n\t\t\t\t\t<div class=\"pbmit-ihbox pbmit-ihbox-style-9\"><div class=\"pbmit-ihbox-headingicon d-sm-flex align-items-center\">\r\n\r\n\t<div class=\"pbmit-ihbox-icon\"><div class=\"pbmit-ihbox-icon-wrapper\"><div class=\"pbmit-icon-wrapper pbmit-icon-type-icon\"><i class=\"pbmit-yoge-icon pbmit-yoge-icon-location\"><\/i><\/div><\/div><\/div>\t<div class=\"pbmit-ihbox-contents\">\r\n\t\t\t\t<h2 class=\"pbmit-element-title\">Notre <br>adresse<\/h2>\t\t\t\t<div class=\"pbmit-heading-desc\">FRANCE : Insitu Work &amp; Space - R\u00e9sidences \n17 Av. Didier Daurat, 31700 Blagnac, France\n\nTURQUIE : Yenibosna Merkez, 1. Asena Sk. No:15, 34295 Bah\u00e7elievler\/\u0130stanbul\n<\/div>\t\t\t<\/div>\r\n<\/div><\/div>\t\t\t\t<\/div>\n\t\t\t\t<\/div>\n\t\t\t\t\t<\/div>\n\t\t<\/div>\n\t\t\t\t\t<\/div>\n\t\t<\/section>\n\t\t\t\t<section class=\"elementor-section elementor-top-section elementor-element elementor-element-aec24e3 pbmit-col-stretched-none pbmit-bg-color-over-image elementor-section-boxed elementor-section-height-default elementor-section-height-default\" data-id=\"aec24e3\" data-element_type=\"section\">\n\t\t\t\t\t\t<div class=\"elementor-container elementor-column-gap-default\">\n\t\t\t\t\t<div class=\"elementor-column elementor-col-100 elementor-top-column elementor-element elementor-element-b508e70 pbmit-bg-color-over-image\" data-id=\"b508e70\" data-element_type=\"column\">\n\t\t\t<div class=\"elementor-widget-wrap elementor-element-populated\">\n\t\t\t\t\t\t<div class=\"elementor-element elementor-element-d1a1fd9 elementor-widget elementor-widget-pbmit_heading\" data-id=\"d1a1fd9\" data-element_type=\"widget\" data-widget_type=\"pbmit_heading.default\">\n\t\t\t\t<div class=\"elementor-widget-container\">\n\t\t\t\t\t\t<div class=\"pbmit-heading-subheading pbmit-reverse-heading-yes animation-style2\"><h4 class=\"pbmit-element-subtitle\"><span>\r\n\t\t\t<\/span>\r\n\t\t\t\r\n\t\t\t\tCONTACTEZ-NOUS\r\n\t\t\t\r\n\t\t\t<\/h4>\r\n\t\t<h2 class=\"pbmit-element-title\">\r\n\t\t\t\r\n\t\t\t\tCONTACTEZ-NOUS\r\n\t\t\t\r\n\t\t\t<\/h2>\r\n\t\t<div class=\"pbmit-heading-desc\">Chaque r\u00e9ussite de notre clinique commence par une consultation personnalis\u00e9e pour la greffe de cheveux. Contactez-nous pour obtenir votre consultation gratuite de restauration capillaire !<\/div><\/div>\t\t\t\t<\/div>\n\t\t\t\t<\/div>\n\t\t\t\t<section class=\"elementor-section elementor-inner-section elementor-element elementor-element-9e539ff pbmit-col-stretched-none pbmit-bg-color-over-image elementor-section-boxed elementor-section-height-default elementor-section-height-default\" data-id=\"9e539ff\" data-element_type=\"section\">\n\t\t\t\t\t\t<div class=\"elementor-container elementor-column-gap-no\">\n\t\t\t\t\t<div class=\"elementor-column elementor-col-50 elementor-inner-column elementor-element elementor-element-a8bdb7c pbmit-bg-color-yes pbmit-elementor-bg-color-white pbmit-bg-color-over-image\" data-id=\"a8bdb7c\" data-element_type=\"column\">\n\t\t\t<div class=\"elementor-widget-wrap elementor-element-populated\">\n\t\t\t\t\t\t<div class=\"elementor-element elementor-element-8b8cd97 elementor-widget elementor-widget-pbmit_custom_heading\" data-id=\"8b8cd97\" data-element_type=\"widget\" data-widget_type=\"pbmit_custom_heading.default\">\n\t\t\t\t<div class=\"elementor-widget-container\">\n\t\t\t\t\t\t<div class=\"pbmit-custom-heading -align\"><h3 class=\"pbmit-element-title\">\r\n\t\t\t\r\n\t\t\t\tEnvoyer un message\r\n\t\t\t\r\n\t\t\t<\/h3>\r\n\t\t<\/div>\t\t\t\t<\/div>\n\t\t\t\t<\/div>\n\t\t\t\t<div class=\"elementor-element elementor-element-c587bfc elementor-widget elementor-widget-shortcode\" data-id=\"c587bfc\" data-element_type=\"widget\" data-widget_type=\"shortcode.default\">\n\t\t\t\t<div class=\"elementor-widget-container\">\n\t\t\t\t\t\t\t<div class=\"elementor-shortcode\">\n<div class=\"wpcf7 no-js\" id=\"wpcf7-f7337-o1\" lang=\"fr-FR\" dir=\"ltr\" data-wpcf7-id=\"7337\">\n<div class=\"screen-reader-response\"><p role=\"status\" aria-live=\"polite\" aria-atomic=\"true\"><\/p> <ul><\/ul><\/div>\n<form action=\"\/fr\/wp-json\/wp\/v2\/pages\/1323#wpcf7-f7337-o1\" method=\"post\" class=\"wpcf7-form init\" aria-label=\"Formulaire de contact\" novalidate=\"novalidate\" data-status=\"init\">\n<fieldset class=\"hidden-fields-container\"><input type=\"hidden\" name=\"_wpcf7\" value=\"7337\" \/><input type=\"hidden\" name=\"_wpcf7_version\" value=\"6.1.2\" \/><input type=\"hidden\" name=\"_wpcf7_locale\" value=\"fr_FR\" \/><input type=\"hidden\" name=\"_wpcf7_unit_tag\" value=\"wpcf7-f7337-o1\" \/><input type=\"hidden\" name=\"_wpcf7_container_post\" value=\"0\" \/><input type=\"hidden\" name=\"_wpcf7_posted_data_hash\" value=\"\" \/><input type=\"hidden\" name=\"_wpcf7_recaptcha_response\" value=\"\" \/>\n<\/fieldset>\n<div class=\"pbmit-form pbmit-contact-form\">\n\t<div class=\"row\">\n\t\t<div class=\"col-sm-12 col-md-6\">\n\t\t\t<div class=\"input-group\">\n\t\t\t\t<p><span class=\"wpcf7-form-control-wrap\" data-name=\"your-name\"><input size=\"40\" maxlength=\"400\" class=\"wpcf7-form-control wpcf7-text wpcf7-validates-as-required\" aria-required=\"true\" aria-invalid=\"false\" placeholder=\"Votre Nom *\" value=\"\" type=\"text\" name=\"your-name\" \/><\/span>\n\t\t\t\t<\/p>\n\t\t\t<\/div>\n\t\t<\/div>\n\t\t<div class=\"col-sm-12 col-md-6\">\n\t\t\t<div class=\"input-group\">\n\t\t\t\t<p><span class=\"wpcf7-form-control-wrap\" data-name=\"email-address\"><input size=\"40\" maxlength=\"400\" class=\"wpcf7-form-control wpcf7-email wpcf7-validates-as-required wpcf7-text wpcf7-validates-as-email\" aria-required=\"true\" aria-invalid=\"false\" placeholder=\"Votre E-mail *\" value=\"\" type=\"email\" name=\"email-address\" \/><\/span>\n\t\t\t\t<\/p>\n\t\t\t<\/div>\n\t\t<\/div>\n\t<\/div>\n\t<div class=\"row\">\n\t\t<div class=\"col-sm-12 col-md-6\">\n\t\t\t<div class=\"input-group\">\n\t\t\t\t<p><span class=\"wpcf7-form-control-wrap\" data-name=\"phone-number\"><input size=\"40\" maxlength=\"400\" class=\"wpcf7-form-control wpcf7-text wpcf7-validates-as-required\" aria-required=\"true\" aria-invalid=\"false\" placeholder=\"T\u00e9l\u00e9phone *\" value=\"\" type=\"text\" name=\"phone-number\" \/><\/span>\n\t\t\t\t<\/p>\n\t\t\t<\/div>\n\t\t<\/div>\n\t\t<div class=\"col-sm-12 col-md-6\">\n\t\t\t<div class=\"input-group\">\n\t\t\t\t<p><span class=\"wpcf7-form-control-wrap\" data-name=\"subject\"><input size=\"40\" maxlength=\"400\" class=\"wpcf7-form-control wpcf7-text wpcf7-validates-as-required\" aria-required=\"true\" aria-invalid=\"false\" placeholder=\"Subject\" value=\"\" type=\"text\" name=\"subject\" \/><\/span>\n\t\t\t\t<\/p>\n\t\t\t<\/div>\n\t\t<\/div>\n\t<\/div>\n\t<div class=\"row\">\n\t\t<div class=\"col-sm-12\">\n\t\t\t<div class=\"input-group input-textarea\">\n\t\t\t\t<p><span class=\"wpcf7-form-control-wrap\" data-name=\"textarea-806\"><textarea cols=\"40\" rows=\"10\" maxlength=\"2000\" class=\"wpcf7-form-control wpcf7-textarea wpcf7-validates-as-required\" aria-required=\"true\" aria-invalid=\"false\" placeholder=\"Message *\" name=\"textarea-806\"><\/textarea><\/span>\n\t\t\t\t<\/p>\n\t\t\t<\/div>\n\t\t<\/div>\n\t<\/div>\n\t<div class=\"col-sm-12\">\n\t\t<div class=\"input-group input-button\">\n\t\t\t<p><button id='submit' class='wpcf7-form-control wpcf7-submit'><span class=\"pbmit-button-text\">ENVOYER<\/span><span class=\"pbmit-button-icon-wrapper\"><span class=\"pbmit-button-icon\"><i class=\"pbmit-base-icon-black-arrow-1\"><\/i><\/span><\/span> <\/button>\n\t\t\t<\/p>\n\t\t<\/div>\n\t<\/div>\n<\/div><div class=\"wpcf7-response-output\" aria-hidden=\"true\"><\/div>\n<\/form>\n<\/div>\n<\/div>\n\t\t\t\t\t\t<\/div>\n\t\t\t\t<\/div>\n\t\t\t\t\t<\/div>\n\t\t<\/div>\n\t\t\t\t<div class=\"elementor-column elementor-col-50 elementor-inner-column elementor-element elementor-element-71bf3c7 pbmit-text-color-white pbmit-bg-color-yes pbmit-elementor-bg-color-globalcolor pbmit-bg-image-over-color\" data-id=\"71bf3c7\" data-element_type=\"column\" data-settings=\"{&quot;background_background&quot;:&quot;classic&quot;}\">\n\t\t\t<div class=\"elementor-widget-wrap elementor-element-populated\">\n\t\t\t\t\t\t<div class=\"elementor-element elementor-element-75b5af8 pbmit-animation-style4 elementor-widget elementor-widget-image\" data-id=\"75b5af8\" data-element_type=\"widget\" data-widget_type=\"image.default\">\n\t\t\t\t<div class=\"elementor-widget-container\">\n\t\t\t\t\t\t\t\t\t\t\t\t\t\t\t<img decoding=\"async\" src=\"https:\/\/tecnifueinternational.com\/wp-content\/uploads\/elementor\/thumbs\/are-you-ready-rjefmxt6wdh9b0amocnq1gg5jit8boabs6qdwp9m1g.webp\" title=\"are-you-ready\" alt=\"are-you-ready\" loading=\"lazy\" \/>\t\t\t\t\t\t\t\t\t\t\t\t\t\t\t<\/div>\n\t\t\t\t<\/div>\n\t\t\t\t<div class=\"elementor-element elementor-element-626f96c elementor-widget elementor-widget-pbmit_icon_heading\" data-id=\"626f96c\" data-element_type=\"widget\" data-widget_type=\"pbmit_icon_heading.default\">\n\t\t\t\t<div class=\"elementor-widget-container\">\n\t\t\t\t\t<div class=\"pbmit-ihbox pbmit-ihbox-style-11\"><div class=\"pbmit-ihbox-headingicon\">\t\r\n\t\t<div class=\"pbmit-ihbox-contents\">\r\n\t\t\t\t<h2 class=\"pbmit-element-title\">\u00cates-vous pr\u00eat \u00e0 r\u00e9server votre consultation gratuite ? <\/h2>\t\t<h4 class=\"pbmit-element-heading\">\r\n\t\t\t\t\t\r\n\t\t\t\t\t\tHoraires d'ouverture:\r\n\t\t\t\t\t\r\n\t\t\t\t\t<\/h4>\r\n\t\t\t\t\t\t<div class=\"pbmit-heading-desc\">lun-sam : 09h00 \u00e0 18h30\n<br>\ndimanche : ferm\u00e9<\/div>\t\t\t<\/div><!-- .pbmit-ihbox-contents -->\r\n<\/div><\/div>\t\t\t\t<\/div>\n\t\t\t\t<\/div>\n\t\t\t\t<div class=\"elementor-element elementor-element-e0b45fe elementor-widget__width-auto elementor-absolute elementor-widget elementor-widget-html\" data-id=\"e0b45fe\" data-element_type=\"widget\" data-settings=\"{&quot;_position&quot;:&quot;absolute&quot;}\" data-widget_type=\"html.default\">\n\t\t\t\t<div class=\"elementor-widget-container\">\n\t\t\t\t\t<div class=\"pbmit-contact-share-btn\"><div class=\"pbmit-share-icon-wrapper\"><span class=\"pbmit-share-icon\"><i class=\"pbmit-base-icon-share-2\"><\/i><\/span> <ul class=\"pbmit-social-links\"><li class=\"pbmit-social-li pbmit-social-facebook \"><a title=\"Facebook\" href=\"https:\/\/www.facebook.com\/tecnifue.international\/?locale=tr_TR\" target=\"_blank\" rel=\"noopener\"><span><i class=\"pbmit-base-icon-facebook-f\"><\/i><\/span><\/a><\/li><li class=\"pbmit-social-li pbmit-social-instagram \"><a title=\"Instagram\" href=\"https:\/\/www.instagram.com\/tecnifue.international\/\" target=\"_blank\" rel=\"noopener\"><span><i class=\"pbmit-base-icon-instagram\"><\/i><\/span><\/a><\/li><li class=\"pbmit-social-li pbmit-social-youtube \"><a title=\"Youtube\" href=\"https:\/\/www.youtube.com\/@tecnifueinternational\" target=\"_blank\" rel=\"noopener\"><span><i class=\"pbmit-base-icon-youtube-play\"><\/i><\/span><\/a><\/li><li class=\"pbmit-social-li pbmit-social-tiktok \"><a title=\"tiktok\" href=\"https:\/\/www.tiktok.com\/@tecnifue.internationa\" target=\"_blank\" rel=\"noopener\"><span><i class=\"pbmit-base-icon-tiktok\"><\/i><\/span><\/a><\/li><\/ul><div class=\"pbmit-sticky-corner  pbmit-bottom-left-corner\"><svg width=\"30\" height=\"30\" viewBox=\"0 0 30 30\" fill=\"\" xmlns=\"http:\/\/www.w3.org\/2000\/svg\"><path d=\"M30 30V0C30 16 16 30 0 30H30Z\" fill=\"red\"><\/path><\/svg><\/div><div class=\"pbmit-sticky-corner pbmit-top-right-corner\"><svg width=\"30\" height=\"30\" viewBox=\"0 0 30 30\" fill=\"none\" xmlns=\"http:\/\/www.w3.org\/2000\/svg\"><path d=\"M30 30V0C30 16 16 30 0 30H30Z\" fill=\"red\"><\/path><\/svg><\/div><\/div><\/div>\t\t\t\t<\/div>\n\t\t\t\t<\/div>\n\t\t\t\t\t<\/div>\n\t\t<\/div>\n\t\t\t\t\t<\/div>\n\t\t<\/section>\n\t\t\t\t\t<\/div>\n\t\t<\/div>\n\t\t\t\t\t<\/div>\n\t\t<\/section>\n\t\t\t\t<div class=\"elementor-section elementor-top-section elementor-element elementor-element-9db8c18 elementor-section-full_width elementor-section-stretched pbmit-google-map pbmit-col-stretched-none pbmit-bg-color-over-image elementor-section-height-default elementor-section-height-default\" data-id=\"9db8c18\" data-element_type=\"section\" data-settings=\"{&quot;stretch_section&quot;:&quot;section-stretched&quot;}\">\n\t\t\t\t\t\t<div class=\"elementor-container elementor-column-gap-no\">\n\t\t\t\t\t<div class=\"elementor-column elementor-col-100 elementor-top-column elementor-element elementor-element-aa00f91 pbmit-bg-color-over-image\" data-id=\"aa00f91\" data-element_type=\"column\">\n\t\t\t<div class=\"elementor-widget-wrap elementor-element-populated\">\n\t\t\t\t\t\t<div class=\"elementor-element elementor-element-7ff53a3 elementor-widget elementor-widget-google_maps\" data-id=\"7ff53a3\" data-element_type=\"widget\" data-widget_type=\"google_maps.default\">\n\t\t\t\t<div class=\"elementor-widget-container\">\n\t\t\t\t\t\t\t<div class=\"elementor-custom-embed\">\n\t\t\t<iframe loading=\"lazy\"\n\t\t\t\t\tsrc=\"https:\/\/maps.google.com\/maps?q=Yenibosna%20Merkez%2C%201.%20Asena%20Sk.%20No%3A15%2C%2034295%20Bah%C3%A7elievler%2F%C4%B0stanbul&#038;t=m&#038;z=10&#038;output=embed&#038;iwloc=near\"\n\t\t\t\t\ttitle=\"Yenibosna Merkez, 1. Asena Sk. No:15, 34295 Bah\u00e7elievler\/\u0130stanbul\"\n\t\t\t\t\taria-label=\"Yenibosna Merkez, 1. Asena Sk. No:15, 34295 Bah\u00e7elievler\/\u0130stanbul\"\n\t\t\t><\/iframe>\n\t\t<\/div>\n\t\t\t\t\t\t<\/div>\n\t\t\t\t<\/div>\n\t\t\t\t\t<\/div>\n\t\t<\/div>\n\t\t\t\t\t<\/div>\n\t\t<\/div>\n\t\t\t\t<\/div>\n\t\t","protected":false},"excerpt":{"rendered":"<p>24h\/24 et 7j\/7 Contactez-nous T\u00e9l\u00e9phone : +90 534 954 25 81 Notre adresse FRANCE : Insitu Work &amp; Space &#8211; R\u00e9sidences 17 Av. Didier Daurat, 31700 Blagnac, France TURQUIE : Yenibosna Merkez, 1. Asena Sk. No:15, 34295 Bah\u00e7elievler\/\u0130stanbul CONTACTEZ-NOUS CONTACTEZ-NOUS Chaque r\u00e9ussite de notre clinique commence par une consultation personnalis\u00e9e pour la greffe de cheveux. [&hellip;]<\/p>\n","protected":false},"author":1,"featured_media":7804,"parent":0,"menu_order":19,"comment_status":"closed","ping_status":"closed","template":"","meta":{"_acf_changed":false,"inline_featured_image":false,"footnotes":""},"class_list":["post-1323","page","type-page","status-publish","has-post-thumbnail","hentry"],"acf":[],"_links":{"self":[{"href":"https:\/\/tecnifueinternational.com\/fr\/wp-json\/wp\/v2\/pages\/1323","targetHints":{"allow":["GET"]}}],"collection":[{"href":"https:\/\/tecnifueinternational.com\/fr\/wp-json\/wp\/v2\/pages"}],"about":[{"href":"https:\/\/tecnifueinternational.com\/fr\/wp-json\/wp\/v2\/types\/page"}],"author":[{"embeddable":true,"href":"https:\/\/tecnifueinternational.com\/fr\/wp-json\/wp\/v2\/users\/1"}],"replies":[{"embeddable":true,"href":"https:\/\/tecnifueinternational.com\/fr\/wp-json\/wp\/v2\/comments?post=1323"}],"version-history":[{"count":40,"href":"https:\/\/tecnifueinternational.com\/fr\/wp-json\/wp\/v2\/pages\/1323\/revisions"}],"predecessor-version":[{"id":7907,"href":"https:\/\/tecnifueinternational.com\/fr\/wp-json\/wp\/v2\/pages\/1323\/revisions\/7907"}],"wp:featuredmedia":[{"embeddable":true,"href":"https:\/\/tecnifueinternational.com\/fr\/wp-json\/wp\/v2\/media\/7804"}],"wp:attachment":[{"href":"https:\/\/tecnifueinternational.com\/fr\/wp-json\/wp\/v2\/media?parent=1323"}],"curies":[{"name":"wp","href":"https:\/\/api.w.org\/{rel}","templated":true}]}}