{"id":1319,"date":"2024-05-15T19:07:28","date_gmt":"2024-05-15T19:07:28","guid":{"rendered":"https:\/\/tecnifueinternational.com\/questions-frequemment-posees\/"},"modified":"2025-12-17T05:35:34","modified_gmt":"2025-12-17T05:35:34","slug":"questions-frequentes","status":"publish","type":"page","link":"https:\/\/tecnifueinternational.com\/fr\/questions-frequentes\/","title":{"rendered":"Questions fr\u00e9quentes"},"content":{"rendered":"\t\t<div data-elementor-type=\"wp-page\" data-elementor-id=\"1319\" class=\"elementor elementor-1319 elementor-603\">\n\t\t\t\t\t\t<section class=\"elementor-section elementor-top-section elementor-element elementor-element-c726a2a elementor-section-full_width pbmit-col-stretched-none pbmit-bg-color-over-image elementor-section-height-default elementor-section-height-default\" data-id=\"c726a2a\" data-element_type=\"section\">\n\t\t\t\t\t\t<div class=\"elementor-container elementor-column-gap-default\">\n\t\t\t\t\t<div class=\"elementor-column elementor-col-100 elementor-top-column elementor-element elementor-element-54f7a1d pbmit-bg-color-over-image\" data-id=\"54f7a1d\" data-element_type=\"column\">\n\t\t\t<div class=\"elementor-widget-wrap elementor-element-populated\">\n\t\t\t\t\t\t<div class=\"elementor-element elementor-element-adbdaf0 elementor-widget elementor-widget-accordion\" data-id=\"adbdaf0\" data-element_type=\"widget\" data-widget_type=\"accordion.default\">\n\t\t\t\t<div class=\"elementor-widget-container\">\n\t\t\t\t\t\t\t<div class=\"elementor-accordion\">\n\t\t\t\t\t\t\t<div class=\"elementor-accordion-item\">\n\t\t\t\t\t<div id=\"elementor-tab-title-1821\" class=\"elementor-tab-title\" data-tab=\"1\" role=\"button\" aria-controls=\"elementor-tab-content-1821\" aria-expanded=\"false\">\n\t\t\t\t\t\t\t\t\t\t\t\t\t<span class=\"elementor-accordion-icon elementor-accordion-icon-left\" aria-hidden=\"true\">\n\t\t\t\t\t\t\t\t\t\t\t\t\t\t\t<span class=\"elementor-accordion-icon-closed\"><i class=\"fas fa-plus\"><\/i><\/span>\n\t\t\t\t\t\t\t\t<span class=\"elementor-accordion-icon-opened\"><i class=\"fas fa-minus\"><\/i><\/span>\n\t\t\t\t\t\t\t\t\t\t\t\t\t\t<\/span>\n\t\t\t\t\t\t\t\t\t\t\t\t<a class=\"elementor-accordion-title\" tabindex=\"0\">Combien de temps dois-je rester \u00e0 Istanbul pour mon intervention de restauration capillaire?<\/a>\n\t\t\t\t\t<\/div>\n\t\t\t\t\t<div id=\"elementor-tab-content-1821\" class=\"elementor-tab-content elementor-clearfix\" data-tab=\"1\" role=\"region\" aria-labelledby=\"elementor-tab-title-1821\"><p>Vous devrez rester deux nuits \u00e0 Istanbul pour assurer le bon d\u00e9roulement de votre op\u00e9ration. N&rsquo;h\u00e9sitez pas \u00e0 contacter votre consultant m\u00e9dical pour organiser votre voyage.<\/p><\/div>\n\t\t\t\t<\/div>\n\t\t\t\t\t\t\t<div class=\"elementor-accordion-item\">\n\t\t\t\t\t<div id=\"elementor-tab-title-1822\" class=\"elementor-tab-title\" data-tab=\"2\" role=\"button\" aria-controls=\"elementor-tab-content-1822\" aria-expanded=\"false\">\n\t\t\t\t\t\t\t\t\t\t\t\t\t<span class=\"elementor-accordion-icon elementor-accordion-icon-left\" aria-hidden=\"true\">\n\t\t\t\t\t\t\t\t\t\t\t\t\t\t\t<span class=\"elementor-accordion-icon-closed\"><i class=\"fas fa-plus\"><\/i><\/span>\n\t\t\t\t\t\t\t\t<span class=\"elementor-accordion-icon-opened\"><i class=\"fas fa-minus\"><\/i><\/span>\n\t\t\t\t\t\t\t\t\t\t\t\t\t\t<\/span>\n\t\t\t\t\t\t\t\t\t\t\t\t<a class=\"elementor-accordion-title\" tabindex=\"0\">Puis-je amener quelqu'un avec moi pour me soutenir pendant l'intervention?<\/a>\n\t\t\t\t\t<\/div>\n\t\t\t\t\t<div id=\"elementor-tab-content-1822\" class=\"elementor-tab-content elementor-clearfix\" data-tab=\"2\" role=\"region\" aria-labelledby=\"elementor-tab-title-1822\"><p>Vous pouvez amener un ami ou un membre de votre famille pour vous soutenir. Bien que ce ne soit pas n\u00e9cessaire d&rsquo;un point de vue m\u00e9dical, c&rsquo;est id\u00e9al pour un soutien \u00e9motionnel. Renseignez-vous aupr\u00e8s de votre consultant m\u00e9dical sur les \u00e9ventuels frais suppl\u00e9mentaires pour leur s\u00e9jour.<\/p><\/div>\n\t\t\t\t<\/div>\n\t\t\t\t\t\t\t<div class=\"elementor-accordion-item\">\n\t\t\t\t\t<div id=\"elementor-tab-title-1823\" class=\"elementor-tab-title\" data-tab=\"3\" role=\"button\" aria-controls=\"elementor-tab-content-1823\" aria-expanded=\"false\">\n\t\t\t\t\t\t\t\t\t\t\t\t\t<span class=\"elementor-accordion-icon elementor-accordion-icon-left\" aria-hidden=\"true\">\n\t\t\t\t\t\t\t\t\t\t\t\t\t\t\t<span class=\"elementor-accordion-icon-closed\"><i class=\"fas fa-plus\"><\/i><\/span>\n\t\t\t\t\t\t\t\t<span class=\"elementor-accordion-icon-opened\"><i class=\"fas fa-minus\"><\/i><\/span>\n\t\t\t\t\t\t\t\t\t\t\t\t\t\t<\/span>\n\t\t\t\t\t\t\t\t\t\t\t\t<a class=\"elementor-accordion-title\" tabindex=\"0\">Puis-je subir l'intervention le m\u00eame jour qu'un ami ou un membre de ma famille?<\/a>\n\t\t\t\t\t<\/div>\n\t\t\t\t\t<div id=\"elementor-tab-content-1823\" class=\"elementor-tab-content elementor-clearfix\" data-tab=\"3\" role=\"region\" aria-labelledby=\"elementor-tab-title-1823\"><p>Oui, c&rsquo;est possible. Nous pouvons accueillir jusqu&rsquo;\u00e0 quatre patients par jour. Si vous et un ami ou un membre de votre famille souhaitez subir l&rsquo;intervention le m\u00eame jour, planifiez vos dates longtemps \u00e0 l&rsquo;avance pour garantir la disponibilit\u00e9.<\/p><\/div>\n\t\t\t\t<\/div>\n\t\t\t\t\t\t\t<div class=\"elementor-accordion-item\">\n\t\t\t\t\t<div id=\"elementor-tab-title-1824\" class=\"elementor-tab-title\" data-tab=\"4\" role=\"button\" aria-controls=\"elementor-tab-content-1824\" aria-expanded=\"false\">\n\t\t\t\t\t\t\t\t\t\t\t\t\t<span class=\"elementor-accordion-icon elementor-accordion-icon-left\" aria-hidden=\"true\">\n\t\t\t\t\t\t\t\t\t\t\t\t\t\t\t<span class=\"elementor-accordion-icon-closed\"><i class=\"fas fa-plus\"><\/i><\/span>\n\t\t\t\t\t\t\t\t<span class=\"elementor-accordion-icon-opened\"><i class=\"fas fa-minus\"><\/i><\/span>\n\t\t\t\t\t\t\t\t\t\t\t\t\t\t<\/span>\n\t\t\t\t\t\t\t\t\t\t\t\t<a class=\"elementor-accordion-title\" tabindex=\"0\">Est-ce que je resterai \u00e0 la clinique la premi\u00e8re nuit apr\u00e8s l'intervention?<\/a>\n\t\t\t\t\t<\/div>\n\t\t\t\t\t<div id=\"elementor-tab-content-1824\" class=\"elementor-tab-content elementor-clearfix\" data-tab=\"4\" role=\"region\" aria-labelledby=\"elementor-tab-title-1824\"><p>Non, vous n&rsquo;aurez pas besoin de rester \u00e0 la clinique. Apr\u00e8s l&rsquo;intervention, vous pourrez vous d\u00e9tendre \u00e0 votre h\u00f4tel. Une infirmi\u00e8re est disponible 24h\/24 \u00e0 l&rsquo;h\u00f4tel pour toute urgence.<\/p><\/div>\n\t\t\t\t<\/div>\n\t\t\t\t\t\t\t<div class=\"elementor-accordion-item\">\n\t\t\t\t\t<div id=\"elementor-tab-title-1825\" class=\"elementor-tab-title\" data-tab=\"5\" role=\"button\" aria-controls=\"elementor-tab-content-1825\" aria-expanded=\"false\">\n\t\t\t\t\t\t\t\t\t\t\t\t\t<span class=\"elementor-accordion-icon elementor-accordion-icon-left\" aria-hidden=\"true\">\n\t\t\t\t\t\t\t\t\t\t\t\t\t\t\t<span class=\"elementor-accordion-icon-closed\"><i class=\"fas fa-plus\"><\/i><\/span>\n\t\t\t\t\t\t\t\t<span class=\"elementor-accordion-icon-opened\"><i class=\"fas fa-minus\"><\/i><\/span>\n\t\t\t\t\t\t\t\t\t\t\t\t\t\t<\/span>\n\t\t\t\t\t\t\t\t\t\t\t\t<a class=\"elementor-accordion-title\" tabindex=\"0\">Quelle est la meilleure p\u00e9riode de l'ann\u00e9e pour subir une greffe de cheveux?<\/a>\n\t\t\t\t\t<\/div>\n\t\t\t\t\t<div id=\"elementor-tab-content-1825\" class=\"elementor-tab-content elementor-clearfix\" data-tab=\"5\" role=\"region\" aria-labelledby=\"elementor-tab-title-1825\"><p>Il n&rsquo;y a pas de \u00ab\u00a0meilleure\u00a0\u00bb p\u00e9riode sp\u00e9cifique d&rsquo;un point de vue m\u00e9dical. Si vous pr\u00e9voyez des vacances d&rsquo;\u00e9t\u00e9, pensez simplement \u00e0 \u00e9viter une exposition directe au soleil pendant environ trois semaines.<\/p><\/div>\n\t\t\t\t<\/div>\n\t\t\t\t\t\t\t<div class=\"elementor-accordion-item\">\n\t\t\t\t\t<div id=\"elementor-tab-title-1826\" class=\"elementor-tab-title\" data-tab=\"6\" role=\"button\" aria-controls=\"elementor-tab-content-1826\" aria-expanded=\"false\">\n\t\t\t\t\t\t\t\t\t\t\t\t\t<span class=\"elementor-accordion-icon elementor-accordion-icon-left\" aria-hidden=\"true\">\n\t\t\t\t\t\t\t\t\t\t\t\t\t\t\t<span class=\"elementor-accordion-icon-closed\"><i class=\"fas fa-plus\"><\/i><\/span>\n\t\t\t\t\t\t\t\t<span class=\"elementor-accordion-icon-opened\"><i class=\"fas fa-minus\"><\/i><\/span>\n\t\t\t\t\t\t\t\t\t\t\t\t\t\t<\/span>\n\t\t\t\t\t\t\t\t\t\t\t\t<a class=\"elementor-accordion-title\" tabindex=\"0\">Comment puis-je obtenir une consultation sur mes possibilit\u00e9s de greffe de cheveux ?<\/a>\n\t\t\t\t\t<\/div>\n\t\t\t\t\t<div id=\"elementor-tab-content-1826\" class=\"elementor-tab-content elementor-clearfix\" data-tab=\"6\" role=\"region\" aria-labelledby=\"elementor-tab-title-1826\"><p>Obtenir une consultation est tr\u00e8s simple et gratuit. Remplissez simplement le formulaire sur notre site Web et l&rsquo;un de nos consultants m\u00e9dicaux vous contactera.<\/p><\/div>\n\t\t\t\t<\/div>\n\t\t\t\t\t\t\t<div class=\"elementor-accordion-item\">\n\t\t\t\t\t<div id=\"elementor-tab-title-1827\" class=\"elementor-tab-title\" data-tab=\"7\" role=\"button\" aria-controls=\"elementor-tab-content-1827\" aria-expanded=\"false\">\n\t\t\t\t\t\t\t\t\t\t\t\t\t<span class=\"elementor-accordion-icon elementor-accordion-icon-left\" aria-hidden=\"true\">\n\t\t\t\t\t\t\t\t\t\t\t\t\t\t\t<span class=\"elementor-accordion-icon-closed\"><i class=\"fas fa-plus\"><\/i><\/span>\n\t\t\t\t\t\t\t\t<span class=\"elementor-accordion-icon-opened\"><i class=\"fas fa-minus\"><\/i><\/span>\n\t\t\t\t\t\t\t\t\t\t\t\t\t\t<\/span>\n\t\t\t\t\t\t\t\t\t\t\t\t<a class=\"elementor-accordion-title\" tabindex=\"0\">Dois-je verser un acompte pour garantir une date pour l\u2019intervention ?<\/a>\n\t\t\t\t\t<\/div>\n\t\t\t\t\t<div id=\"elementor-tab-content-1827\" class=\"elementor-tab-content elementor-clearfix\" data-tab=\"7\" role=\"region\" aria-labelledby=\"elementor-tab-title-1827\"><p>Aucun acompte n&rsquo;est n\u00e9cessaire. Pour r\u00e9server votre date de traitement, nous demandons simplement une confirmation de vol r\u00e9serv\u00e9. V\u00e9rifiez toujours la disponibilit\u00e9 aupr\u00e8s de l&rsquo;un de nos consultants m\u00e9dicaux et coordonnez votre voyage avec eux.<\/p><\/div>\n\t\t\t\t<\/div>\n\t\t\t\t\t\t\t<div class=\"elementor-accordion-item\">\n\t\t\t\t\t<div id=\"elementor-tab-title-1828\" class=\"elementor-tab-title\" data-tab=\"8\" role=\"button\" aria-controls=\"elementor-tab-content-1828\" aria-expanded=\"false\">\n\t\t\t\t\t\t\t\t\t\t\t\t\t<span class=\"elementor-accordion-icon elementor-accordion-icon-left\" aria-hidden=\"true\">\n\t\t\t\t\t\t\t\t\t\t\t\t\t\t\t<span class=\"elementor-accordion-icon-closed\"><i class=\"fas fa-plus\"><\/i><\/span>\n\t\t\t\t\t\t\t\t<span class=\"elementor-accordion-icon-opened\"><i class=\"fas fa-minus\"><\/i><\/span>\n\t\t\t\t\t\t\t\t\t\t\t\t\t\t<\/span>\n\t\t\t\t\t\t\t\t\t\t\t\t<a class=\"elementor-accordion-title\" tabindex=\"0\">Puis-je payer par carte bancaire mon intervention ?<\/a>\n\t\t\t\t\t<\/div>\n\t\t\t\t\t<div id=\"elementor-tab-content-1828\" class=\"elementor-tab-content elementor-clearfix\" data-tab=\"8\" role=\"region\" aria-labelledby=\"elementor-tab-title-1828\"><p>Oui, nous acceptons les paiements par carte. Votre consultant m\u00e9dical peut vous fournir des d\u00e9tails sur les \u00e9ventuels frais suppl\u00e9mentaires pour les paiements par carte.<\/p><\/div>\n\t\t\t\t<\/div>\n\t\t\t\t\t\t\t\t\t\t<script type=\"application\/ld+json\">{\"@context\":\"https:\\\/\\\/schema.org\",\"@type\":\"FAQPage\",\"mainEntity\":[{\"@type\":\"Question\",\"name\":\"Combien de temps dois-je rester \\u00e0 Istanbul pour mon intervention de restauration capillaire?\",\"acceptedAnswer\":{\"@type\":\"Answer\",\"text\":\"<p>Vous devrez rester deux nuits \\u00e0 Istanbul pour assurer le bon d\\u00e9roulement de votre op\\u00e9ration. N&rsquo;h\\u00e9sitez pas \\u00e0 contacter votre consultant m\\u00e9dical pour organiser votre voyage.<\\\/p>\"}},{\"@type\":\"Question\",\"name\":\"Puis-je amener quelqu'un avec moi pour me soutenir pendant l'intervention?\",\"acceptedAnswer\":{\"@type\":\"Answer\",\"text\":\"<p>Vous pouvez amener un ami ou un membre de votre famille pour vous soutenir. Bien que ce ne soit pas n\\u00e9cessaire d&rsquo;un point de vue m\\u00e9dical, c&rsquo;est id\\u00e9al pour un soutien \\u00e9motionnel. Renseignez-vous aupr\\u00e8s de votre consultant m\\u00e9dical sur les \\u00e9ventuels frais suppl\\u00e9mentaires pour leur s\\u00e9jour.<\\\/p>\"}},{\"@type\":\"Question\",\"name\":\"Puis-je subir l'intervention le m\\u00eame jour qu'un ami ou un membre de ma famille?\",\"acceptedAnswer\":{\"@type\":\"Answer\",\"text\":\"<p>Oui, c&rsquo;est possible. Nous pouvons accueillir jusqu&rsquo;\\u00e0 quatre patients par jour. Si vous et un ami ou un membre de votre famille souhaitez subir l&rsquo;intervention le m\\u00eame jour, planifiez vos dates longtemps \\u00e0 l&rsquo;avance pour garantir la disponibilit\\u00e9.<\\\/p>\"}},{\"@type\":\"Question\",\"name\":\"Est-ce que je resterai \\u00e0 la clinique la premi\\u00e8re nuit apr\\u00e8s l'intervention?\",\"acceptedAnswer\":{\"@type\":\"Answer\",\"text\":\"<p>Non, vous n&rsquo;aurez pas besoin de rester \\u00e0 la clinique. Apr\\u00e8s l&rsquo;intervention, vous pourrez vous d\\u00e9tendre \\u00e0 votre h\\u00f4tel. Une infirmi\\u00e8re est disponible 24h\\\/24 \\u00e0 l&rsquo;h\\u00f4tel pour toute urgence.<\\\/p>\"}},{\"@type\":\"Question\",\"name\":\"Quelle est la meilleure p\\u00e9riode de l'ann\\u00e9e pour subir une greffe de cheveux?\",\"acceptedAnswer\":{\"@type\":\"Answer\",\"text\":\"<p>Il n&rsquo;y a pas de \\u00ab\\u00a0meilleure\\u00a0\\u00bb p\\u00e9riode sp\\u00e9cifique d&rsquo;un point de vue m\\u00e9dical. Si vous pr\\u00e9voyez des vacances d&rsquo;\\u00e9t\\u00e9, pensez simplement \\u00e0 \\u00e9viter une exposition directe au soleil pendant environ trois semaines.<\\\/p>\"}},{\"@type\":\"Question\",\"name\":\"Comment puis-je obtenir une consultation sur mes possibilit\\u00e9s de greffe de cheveux ?\",\"acceptedAnswer\":{\"@type\":\"Answer\",\"text\":\"<p>Obtenir une consultation est tr\\u00e8s simple et gratuit. Remplissez simplement le formulaire sur notre site Web et l&rsquo;un de nos consultants m\\u00e9dicaux vous contactera.<\\\/p>\"}},{\"@type\":\"Question\",\"name\":\"Dois-je verser un acompte pour garantir une date pour l\\u2019intervention ?\",\"acceptedAnswer\":{\"@type\":\"Answer\",\"text\":\"<p>Aucun acompte n&rsquo;est n\\u00e9cessaire. Pour r\\u00e9server votre date de traitement, nous demandons simplement une confirmation de vol r\\u00e9serv\\u00e9. V\\u00e9rifiez toujours la disponibilit\\u00e9 aupr\\u00e8s de l&rsquo;un de nos consultants m\\u00e9dicaux et coordonnez votre voyage avec eux.<\\\/p>\"}},{\"@type\":\"Question\",\"name\":\"Puis-je payer par carte bancaire mon intervention ?\",\"acceptedAnswer\":{\"@type\":\"Answer\",\"text\":\"<p>Oui, nous acceptons les paiements par carte. Votre consultant m\\u00e9dical peut vous fournir des d\\u00e9tails sur les \\u00e9ventuels frais suppl\\u00e9mentaires pour les paiements par carte.<\\\/p>\"}}]}<\/script>\n\t\t\t\t\t<\/div>\n\t\t\t\t\t\t<\/div>\n\t\t\t\t<\/div>\n\t\t\t\t\t<\/div>\n\t\t<\/div>\n\t\t\t\t\t<\/div>\n\t\t<\/section>\n\t\t\t\t<section class=\"elementor-section elementor-top-section elementor-element elementor-element-9e1f659 pbmit-bg-color-yes pbmit-elementor-bg-color-secondary elementor-section-content-middle elementor-section-stretched pbmit-col-stretched-none pbmit-bg-color-over-image elementor-section-boxed elementor-section-height-default elementor-section-height-default\" data-id=\"9e1f659\" data-element_type=\"section\" data-settings=\"{&quot;stretch_section&quot;:&quot;section-stretched&quot;}\">\n\t\t\t\t\t\t<div class=\"elementor-container elementor-column-gap-no\">\n\t\t\t\t\t<div class=\"elementor-column elementor-col-50 elementor-top-column elementor-element elementor-element-790f237 pbmit-bg-color-over-image\" data-id=\"790f237\" data-element_type=\"column\">\n\t\t\t<div class=\"elementor-widget-wrap\">\n\t\t\t\t\t\t\t<\/div>\n\t\t<\/div>\n\t\t\t\t<div class=\"elementor-column elementor-col-25 elementor-top-column elementor-element elementor-element-79e5613 f-text pbmit-bg-color-over-image\" data-id=\"79e5613\" data-element_type=\"column\">\n\t\t\t<div class=\"elementor-widget-wrap elementor-element-populated\">\n\t\t\t\t\t\t<div class=\"elementor-element elementor-element-a6f6374 elementor-widget elementor-widget-pbmit_icon_heading\" data-id=\"a6f6374\" data-element_type=\"widget\" data-widget_type=\"pbmit_icon_heading.default\">\n\t\t\t\t<div class=\"elementor-widget-container\">\n\t\t\t\t\t<div class=\"pbmit-ihbox pbmit-ihbox-style-13\"><div class=\"pbmit-ihbox-box d-flex align-items-center\">\r\n\t<div class=\"pbmit-ihbox-icon\"><div class=\"pbmit-ihbox-icon-wrapper\"><div class=\"pbmit-icon-wrapper pbmit-icon-type-icon\"><i class=\"pbmit-yoge-icon pbmit-yoge-icon-phone-call\"><\/i><\/div><\/div><\/div>\t<div class=\"pbmit-ihbox-contents\">\r\n\t\t\t\t\t<h2 class=\"pbmit-element-title\"><a href=\"tel:+905349542581\">+90 534 954 25 81<a><\/h2>\t\t\t\t\t<\/div>\r\n<\/div><\/div>\t\t\t\t<\/div>\n\t\t\t\t<\/div>\n\t\t\t\t\t<\/div>\n\t\t<\/div>\n\t\t\t\t<div class=\"elementor-column elementor-col-25 elementor-top-column elementor-element elementor-element-e9582a6 f-text pbmit-bg-color-over-image\" data-id=\"e9582a6\" data-element_type=\"column\">\n\t\t\t<div class=\"elementor-widget-wrap elementor-element-populated\">\n\t\t\t\t\t\t<div class=\"elementor-element elementor-element-5831aa2 elementor-widget elementor-widget-pbmit_icon_heading\" data-id=\"5831aa2\" data-element_type=\"widget\" data-widget_type=\"pbmit_icon_heading.default\">\n\t\t\t\t<div class=\"elementor-widget-container\">\n\t\t\t\t\t<div class=\"pbmit-ihbox pbmit-ihbox-style-13\"><div class=\"pbmit-ihbox-box d-flex align-items-center\">\r\n\t<div class=\"pbmit-ihbox-icon\"><div class=\"pbmit-ihbox-icon-wrapper\"><div class=\"pbmit-icon-wrapper pbmit-icon-type-icon\"><i class=\"pbmit-yoge-icon pbmit-yoge-icon-email\"><\/i><\/div><\/div><\/div>\t<div class=\"pbmit-ihbox-contents\">\r\n\t\t\t\t\t<h2 class=\"pbmit-element-title\"><a href=\"mailto:altaydavid@tecnifuehairclinic.com\">altaydavid@tecnifuehairclinic.com<a><\/h2>\t\t\t\t\t<\/div>\r\n<\/div><\/div>\t\t\t\t<\/div>\n\t\t\t\t<\/div>\n\t\t\t\t\t<\/div>\n\t\t<\/div>\n\t\t\t\t\t<\/div>\n\t\t<\/section>\n\t\t\t\t<\/div>\n\t\t","protected":false},"excerpt":{"rendered":"<p>Combien de temps dois-je rester \u00e0 Istanbul pour mon intervention de restauration capillaire? Vous devrez rester deux nuits \u00e0 Istanbul pour assurer le bon d\u00e9roulement de votre op\u00e9ration. N&rsquo;h\u00e9sitez pas \u00e0 contacter votre consultant m\u00e9dical pour organiser votre voyage. Puis-je amener quelqu&rsquo;un avec moi pour me soutenir pendant l&rsquo;intervention? Vous pouvez amener un ami ou [&hellip;]<\/p>\n","protected":false},"author":1,"featured_media":1215,"parent":0,"menu_order":3,"comment_status":"closed","ping_status":"closed","template":"","meta":{"_acf_changed":false,"inline_featured_image":false,"footnotes":""},"class_list":["post-1319","page","type-page","status-publish","has-post-thumbnail","hentry"],"acf":[],"_links":{"self":[{"href":"https:\/\/tecnifueinternational.com\/fr\/wp-json\/wp\/v2\/pages\/1319","targetHints":{"allow":["GET"]}}],"collection":[{"href":"https:\/\/tecnifueinternational.com\/fr\/wp-json\/wp\/v2\/pages"}],"about":[{"href":"https:\/\/tecnifueinternational.com\/fr\/wp-json\/wp\/v2\/types\/page"}],"author":[{"embeddable":true,"href":"https:\/\/tecnifueinternational.com\/fr\/wp-json\/wp\/v2\/users\/1"}],"replies":[{"embeddable":true,"href":"https:\/\/tecnifueinternational.com\/fr\/wp-json\/wp\/v2\/comments?post=1319"}],"version-history":[{"count":24,"href":"https:\/\/tecnifueinternational.com\/fr\/wp-json\/wp\/v2\/pages\/1319\/revisions"}],"predecessor-version":[{"id":7903,"href":"https:\/\/tecnifueinternational.com\/fr\/wp-json\/wp\/v2\/pages\/1319\/revisions\/7903"}],"wp:featuredmedia":[{"embeddable":true,"href":"https:\/\/tecnifueinternational.com\/fr\/wp-json\/wp\/v2\/media\/1215"}],"wp:attachment":[{"href":"https:\/\/tecnifueinternational.com\/fr\/wp-json\/wp\/v2\/media?parent=1319"}],"curies":[{"name":"wp","href":"https:\/\/api.w.org\/{rel}","templated":true}]}}