{"id":1308,"date":"2024-05-14T08:25:17","date_gmt":"2024-05-14T08:25:17","guid":{"rendered":"https:\/\/tecnifueinternational.com\/processus-editorial\/"},"modified":"2024-07-20T14:29:35","modified_gmt":"2024-07-20T14:29:35","slug":"processus-editorial","status":"publish","type":"page","link":"https:\/\/tecnifueinternational.com\/fr\/processus-editorial\/","title":{"rendered":"Processus E\u0301ditorial"},"content":{"rendered":"\t\t<div data-elementor-type=\"wp-page\" data-elementor-id=\"1308\" class=\"elementor elementor-1308 elementor-478\">\n\t\t\t\t\t\t<section class=\"elementor-section elementor-top-section elementor-element elementor-element-61a64d5 pbmit-col-stretched-none pbmit-bg-color-over-image elementor-section-boxed elementor-section-height-default elementor-section-height-default\" data-id=\"61a64d5\" data-element_type=\"section\">\n\t\t\t\t\t\t<div class=\"elementor-container elementor-column-gap-default\">\n\t\t\t\t\t<div class=\"elementor-column elementor-col-100 elementor-top-column elementor-element elementor-element-0f24e0d pbmit-bg-color-over-image\" data-id=\"0f24e0d\" data-element_type=\"column\">\n\t\t\t<div class=\"elementor-widget-wrap elementor-element-populated\">\n\t\t\t\t\t\t<div class=\"elementor-element elementor-element-1fb2c4f elementor-widget elementor-widget-pbmit_heading\" data-id=\"1fb2c4f\" data-element_type=\"widget\" data-widget_type=\"pbmit_heading.default\">\n\t\t\t\t<div class=\"elementor-widget-container\">\n\t\t\t\t\t\t<div class=\"pbmit-heading-subheading \"><h3 class=\"pbmit-element-title\">\r\n\t\t\t\r\n\t\t\t\tNotre \u00c9quipe \u00c9ditoriale\r\n\t\t\t\r\n\t\t\t<\/h3>\r\n\t\t<div class=\"pbmit-heading-desc\">Notre contenu est \u00e9labor\u00e9 par une \u00e9quipe \u00e9ditoriale exceptionnelle, dirig\u00e9e par notre co-fondateur James Wilson, en collaboration avec ses consultants m\u00e9dicaux et l'\u00e9quipe m\u00e9dicale de TecniFUE Hair Clinic \u00e0 Istanbul, Turquie. Depuis 2012, nous sommes profond\u00e9ment impliqu\u00e9s dans le domaine de la restauration capillaire, et nous apportons toute cette riche exp\u00e9rience dans la cr\u00e9ation de notre contenu. Nous examinons minutieusement les dossiers des patients, les protocoles de traitement et les retours post-traitement. Nos protocoles de traitement, au c\u0153ur de notre cr\u00e9ation de contenu, mettent en avant notre expertise m\u00e9dicale approfondie en mati\u00e8re de restauration capillaire.<\/div><\/div>\t\t\t\t<\/div>\n\t\t\t\t<\/div>\n\t\t\t\t<div class=\"elementor-element elementor-element-565b042 elementor-widget elementor-widget-pbmit_heading\" data-id=\"565b042\" data-element_type=\"widget\" data-widget_type=\"pbmit_heading.default\">\n\t\t\t\t<div class=\"elementor-widget-container\">\n\t\t\t\t\t\t<div class=\"pbmit-heading-subheading \"><h3 class=\"pbmit-element-title\">\r\n\t\t\t\r\n\t\t\t\tNotre Politique \u00c9ditoriale\r\n\t\t\t\r\n\t\t\t<\/h3>\r\n\t\t<div class=\"pbmit-heading-desc\">Nous nous engageons \u00e0 fournir un contenu fiable, accessible, pr\u00e9cis et unique. Chez la clinique TecniFUE International, nous sommes d\u00e9di\u00e9s \u00e0 offrir un contenu distinctif et de haute qualit\u00e9. Notre processus \u00e9ditorial rigoureux garantit des informations uniques et de premier ordre. Voici un aper\u00e7u de notre m\u00e9thodologie :<\/div><\/div>\t\t\t\t<\/div>\n\t\t\t\t<\/div>\n\t\t\t\t<div class=\"elementor-element elementor-element-553f9fa elementor-widget elementor-widget-pbmit_heading\" data-id=\"553f9fa\" data-element_type=\"widget\" data-widget_type=\"pbmit_heading.default\">\n\t\t\t\t<div class=\"elementor-widget-container\">\n\t\t\t\t\t\t<div class=\"pbmit-heading-subheading \"><h3 class=\"pbmit-element-title\">\r\n\t\t\t\r\n\t\t\t\tCr\u00e9er un Contenu Distinctif\r\n\t\t\t\r\n\t\t\t<\/h3>\r\n\t\t<div class=\"pbmit-heading-desc\">Notre objectif est de produire un contenu non seulement unique, mais aussi plus exhaustif que celui propos\u00e9 par d'autres sources. Nous combinons des \u00e9l\u00e9ments textuels, visuels et vid\u00e9o pour am\u00e9liorer la compr\u00e9hension et l'engagement de notre audience. Notre expertise pratique dans le domaine nous permet d'offrir une perspective compl\u00e8te et unique. Nous commen\u00e7ons par des concepts fondamentaux, int\u00e9grons des histoires et des exemples r\u00e9els, et maintenons un ton professionnel et accessible pour rendre notre contenu plus compr\u00e9hensible et agr\u00e9able.<\/div><\/div>\t\t\t\t<\/div>\n\t\t\t\t<\/div>\n\t\t\t\t<div class=\"elementor-element elementor-element-763c769 elementor-widget elementor-widget-pbmit_heading\" data-id=\"763c769\" data-element_type=\"widget\" data-widget_type=\"pbmit_heading.default\">\n\t\t\t\t<div class=\"elementor-widget-container\">\n\t\t\t\t\t\t<div class=\"pbmit-heading-subheading \"><h3 class=\"pbmit-element-title\">\r\n\t\t\t\r\n\t\t\t\tValidation de Notre Contenu et Utilisation des Sources\r\n\t\t\t\r\n\t\t\t<\/h3>\r\n\t\t<div class=\"pbmit-heading-desc\">Pour valider notre contenu, nous nous appuyons principalement sur notre exp\u00e9rience pratique. TecniFUE international a r\u00e9alis\u00e9 plus de 8 000 interventions de greffe de cheveux, nous fournissant des connaissances substantielles et concr\u00e8tes. Nous prenons en compte les dates de publication de nos sources, reconnaissant que certaines d\u00e9couvertes acad\u00e9miques peuvent \u00eatre d\u00e9pass\u00e9es ou trop th\u00e9oriques par rapport \u00e0 nos connaissances pratiques. Nous \u00e9vitons d\u00e9lib\u00e9r\u00e9ment les sources avec des int\u00e9r\u00eats flous, en particulier celles provenant de syndicats ou d'associations sp\u00e9cifiques \u00e0 l'industrie qui pourraient avoir des biais commerciaux.<\/div><\/div>\t\t\t\t<\/div>\n\t\t\t\t<\/div>\n\t\t\t\t<div class=\"elementor-element elementor-element-8fe893b elementor-widget elementor-widget-pbmit_heading\" data-id=\"8fe893b\" data-element_type=\"widget\" data-widget_type=\"pbmit_heading.default\">\n\t\t\t\t<div class=\"elementor-widget-container\">\n\t\t\t\t\t\t<div class=\"pbmit-heading-subheading \"><h3 class=\"pbmit-element-title\">\r\n\t\t\t\r\n\t\t\t\tTransparence et Engagement \u00c9thique\r\n\t\t\t\r\n\t\t\t<\/h3>\r\n\t\t<div class=\"pbmit-heading-desc\">Nous reconnaissons notre int\u00e9r\u00eat commercial dans les sujets que nous abordons. Notre objectif principal est de fournir un contenu pr\u00e9cis et compr\u00e9hensible, permettant \u00e0 nos visiteurs de prendre des d\u00e9cisions \u00e9clair\u00e9es. En tant que citoyens responsables du monde, nous adh\u00e9rons strictement au Code d'\u00c9thique et de Conduite de l'ISO, garantissant int\u00e9grit\u00e9 et transparence dans toutes nos actions.<\/div><\/div>\t\t\t\t<\/div>\n\t\t\t\t<\/div>\n\t\t\t\t\t<\/div>\n\t\t<\/div>\n\t\t\t\t\t<\/div>\n\t\t<\/section>\n\t\t\t\t<section class=\"elementor-section elementor-top-section elementor-element elementor-element-f653f60 pbmit-bg-color-yes pbmit-elementor-bg-color-secondary elementor-section-content-middle elementor-section-stretched pbmit-col-stretched-none pbmit-bg-color-over-image elementor-section-boxed elementor-section-height-default elementor-section-height-default\" data-id=\"f653f60\" data-element_type=\"section\" data-settings=\"{&quot;stretch_section&quot;:&quot;section-stretched&quot;}\">\n\t\t\t\t\t\t<div class=\"elementor-container elementor-column-gap-no\">\n\t\t\t\t\t<div class=\"elementor-column elementor-col-50 elementor-top-column elementor-element elementor-element-7134913 pbmit-bg-color-over-image\" data-id=\"7134913\" data-element_type=\"column\">\n\t\t\t<div class=\"elementor-widget-wrap\">\n\t\t\t\t\t\t\t<\/div>\n\t\t<\/div>\n\t\t\t\t<div class=\"elementor-column elementor-col-25 elementor-top-column elementor-element elementor-element-2259054 f-text pbmit-bg-color-over-image\" data-id=\"2259054\" data-element_type=\"column\">\n\t\t\t<div class=\"elementor-widget-wrap elementor-element-populated\">\n\t\t\t\t\t\t<div class=\"elementor-element elementor-element-d857371 elementor-widget elementor-widget-pbmit_icon_heading\" data-id=\"d857371\" data-element_type=\"widget\" data-widget_type=\"pbmit_icon_heading.default\">\n\t\t\t\t<div class=\"elementor-widget-container\">\n\t\t\t\t\t<div class=\"pbmit-ihbox pbmit-ihbox-style-13\"><div class=\"pbmit-ihbox-box d-flex align-items-center\">\r\n\t<div class=\"pbmit-ihbox-icon\"><div class=\"pbmit-ihbox-icon-wrapper\"><div class=\"pbmit-icon-wrapper pbmit-icon-type-icon\"><i class=\"pbmit-yoge-icon pbmit-yoge-icon-phone-call\"><\/i><\/div><\/div><\/div>\t<div class=\"pbmit-ihbox-contents\">\r\n\t\t\t\t\t<h2 class=\"pbmit-element-title\"><a href=\"tel:+905349542581\">+90 534 954 25 81<a><\/h2>\t\t\t\t\t<\/div>\r\n<\/div><\/div>\t\t\t\t<\/div>\n\t\t\t\t<\/div>\n\t\t\t\t\t<\/div>\n\t\t<\/div>\n\t\t\t\t<div class=\"elementor-column elementor-col-25 elementor-top-column elementor-element elementor-element-1ed599c f-text pbmit-bg-color-over-image\" data-id=\"1ed599c\" data-element_type=\"column\">\n\t\t\t<div class=\"elementor-widget-wrap elementor-element-populated\">\n\t\t\t\t\t\t<div class=\"elementor-element elementor-element-8d7a049 elementor-widget elementor-widget-pbmit_icon_heading\" data-id=\"8d7a049\" data-element_type=\"widget\" data-widget_type=\"pbmit_icon_heading.default\">\n\t\t\t\t<div class=\"elementor-widget-container\">\n\t\t\t\t\t<div class=\"pbmit-ihbox pbmit-ihbox-style-13\"><div class=\"pbmit-ihbox-box d-flex align-items-center\">\r\n\t<div class=\"pbmit-ihbox-icon\"><div class=\"pbmit-ihbox-icon-wrapper\"><div class=\"pbmit-icon-wrapper pbmit-icon-type-icon\"><i class=\"pbmit-yoge-icon pbmit-yoge-icon-email\"><\/i><\/div><\/div><\/div>\t<div class=\"pbmit-ihbox-contents\">\r\n\t\t\t\t\t<h2 class=\"pbmit-element-title\"><a href=\"mailto:altaydavid@tecnifuehairclinic.com\">altaydavid@tecnifuehairclinic.com<a><\/h2>\t\t\t\t\t<\/div>\r\n<\/div><\/div>\t\t\t\t<\/div>\n\t\t\t\t<\/div>\n\t\t\t\t\t<\/div>\n\t\t<\/div>\n\t\t\t\t\t<\/div>\n\t\t<\/section>\n\t\t\t\t<\/div>\n\t\t","protected":false},"excerpt":{"rendered":"<p>Notre \u00c9quipe \u00c9ditoriale Notre contenu est \u00e9labor\u00e9 par une \u00e9quipe \u00e9ditoriale exceptionnelle, dirig\u00e9e par notre co-fondateur James Wilson, en collaboration avec ses consultants m\u00e9dicaux et l&rsquo;\u00e9quipe m\u00e9dicale de TecniFUE Hair Clinic \u00e0 Istanbul, Turquie. Depuis 2012, nous sommes profond\u00e9ment impliqu\u00e9s dans le domaine de la restauration capillaire, et nous apportons toute cette riche exp\u00e9rience dans [&hellip;]<\/p>\n","protected":false},"author":1,"featured_media":1209,"parent":0,"menu_order":3,"comment_status":"closed","ping_status":"closed","template":"","meta":{"_acf_changed":false,"inline_featured_image":false,"footnotes":""},"class_list":["post-1308","page","type-page","status-publish","has-post-thumbnail","hentry"],"acf":[],"_links":{"self":[{"href":"https:\/\/tecnifueinternational.com\/fr\/wp-json\/wp\/v2\/pages\/1308","targetHints":{"allow":["GET"]}}],"collection":[{"href":"https:\/\/tecnifueinternational.com\/fr\/wp-json\/wp\/v2\/pages"}],"about":[{"href":"https:\/\/tecnifueinternational.com\/fr\/wp-json\/wp\/v2\/types\/page"}],"author":[{"embeddable":true,"href":"https:\/\/tecnifueinternational.com\/fr\/wp-json\/wp\/v2\/users\/1"}],"replies":[{"embeddable":true,"href":"https:\/\/tecnifueinternational.com\/fr\/wp-json\/wp\/v2\/comments?post=1308"}],"version-history":[{"count":12,"href":"https:\/\/tecnifueinternational.com\/fr\/wp-json\/wp\/v2\/pages\/1308\/revisions"}],"predecessor-version":[{"id":2487,"href":"https:\/\/tecnifueinternational.com\/fr\/wp-json\/wp\/v2\/pages\/1308\/revisions\/2487"}],"wp:featuredmedia":[{"embeddable":true,"href":"https:\/\/tecnifueinternational.com\/fr\/wp-json\/wp\/v2\/media\/1209"}],"wp:attachment":[{"href":"https:\/\/tecnifueinternational.com\/fr\/wp-json\/wp\/v2\/media?parent=1308"}],"curies":[{"name":"wp","href":"https:\/\/api.w.org\/{rel}","templated":true}]}}